{"id":367,"date":"2018-05-30T21:55:48","date_gmt":"2018-05-30T19:55:48","guid":{"rendered":"http:\/\/www.comune.osimo.an.it\/?page_id=367"},"modified":"2024-07-18T10:55:39","modified_gmt":"2024-07-18T08:55:39","slug":"privacy-policy","status":"publish","type":"page","link":"https:\/\/prenotazioni.comune.osimo.an.it\/?page_id=367","title":{"rendered":"Privacy Policy"},"content":{"rendered":"\t\t<div data-elementor-type=\"wp-page\" data-elementor-id=\"367\" class=\"elementor elementor-367\">\n\t\t\t\t\t\t<section class=\"elementor-section elementor-top-section elementor-element elementor-element-86e16aa elementor-section-boxed elementor-section-height-default elementor-section-height-default\" data-id=\"86e16aa\" data-element_type=\"section\">\n\t\t\t\t\t\t<div class=\"elementor-container elementor-column-gap-default\">\n\t\t\t\t\t<div class=\"elementor-column elementor-col-100 elementor-top-column elementor-element elementor-element-7c0b0eed\" data-id=\"7c0b0eed\" data-element_type=\"column\">\n\t\t\t<div class=\"elementor-widget-wrap elementor-element-populated\">\n\t\t\t\t\t\t<div class=\"elementor-element elementor-element-33c12c6f elementor-widget elementor-widget-text-editor\" data-id=\"33c12c6f\" data-element_type=\"widget\" data-widget_type=\"text-editor.default\">\n\t\t\t\t<div class=\"elementor-widget-container\">\n\t\t\t\t\t\t\t\t\t<p align=\"center\"><span lang=\"en-GB\"><i><b>General Data Protection Regulation UE 2016\/679 (\u201cGDPR\u201d)<\/b><\/i><\/span><\/p><p align=\"justify\">Gentile Utente,<\/p><p align=\"justify\">il 25 maggio 2018 \u00e8 entrato in vigore il nuovo Regolamento Europeo (UE) 2016\/679 (GDPR) che definisce le regole di protezione dei dati personali.<\/p><p align=\"justify\">L\u2019informativa \u00e8 lo strumento che utilizziamo per fornirvi tutte le informazioni utili a comprendere chi, quando, dove, come e perch\u00e9 tratta e conserva i Vostri dati personali. Una misura di dovuta trasparenza che Vi permetter\u00e0 di esercitare pienamente i diritti previsti dal Regolamento.<\/p><p align=\"justify\">In caso di dubbi, quesiti o problemi Vi preghiamo di contattare direttamente il Titolare o il Responsabile della Protezione dei Dati (RPD\/DPO), inviando una richiesta indirizzata al:<\/p><p><b>TITOLARE DEL TRATTAMENTO: <\/b><b>Comune di Osimo<\/b><\/p><p>Sede: Piazza del Comune, 1 &#8211; 60027 Osimo (An)<\/p><p>Tel.: 07172491<\/p><p>E-mail \/ PEC: <u><a href=\"mailto:info@comune.osimo.an.it\">info@comune.osimo.an.it<\/a><\/u> \/ <u><a href=\"mailto:comune.osimo@emarche.it\">comune.osimo@emarche.it<\/a><\/u><\/p><p>Sito web: <u><a href=\"https:\/\/www.comune.osimo.an.it\" target=\"_blank\" rel=\"noopener\">www.comune.osimo.an.it<\/a><\/u><\/p><p><b>RESPONSABILE PROTEZIONE DATI<\/b>: Morolabs S.r.l. &#8211; Riferimento: Avv. Massimiliano Galeazzi<\/p><p>Tel.: 071.9030585<\/p><p>E-mail \/ PEC: <u><a href=\"mailto:dpo@morolabs.it\">dpo@morolabs.it<\/a><\/u><u> <\/u> \/ <u><a href=\"mailto:morolabs@legalmail.it\">morolabs@legalmail.it<\/a><\/u><\/p><p>Informative:<\/p><p><a title=\"Manifesto privacy Comune di Osimo\" href=\"https:\/\/www.comune.osimo.an.it\/wp-content\/uploads\/2024\/07\/02.01_Manifesto-Informativa-Rev.-2024.06-v.-4.2.pdf\" target=\"_blank\" rel=\"noopener\">Manifesto privacy Comune di Osimo<\/a>\u00a0(link)<\/p><p><a title=\"Informativa privacy Cittadini\" href=\"https:\/\/www.comune.osimo.an.it\/wp-content\/uploads\/2024\/07\/02.02_Informativa-Cittadini-Rev.-2024.06-v.-4.2.pdf\" target=\"_blank\" rel=\"noopener\">Informativa privacy Cittadini<\/a> (link)<\/p><p><a title=\"Informativa privacy Fornitori\" href=\"https:\/\/www.comune.osimo.an.it\/wp-content\/uploads\/2024\/07\/02.04_Informativa-Fornitori-Rev.-2024.06-v.-4.2.pdf\" target=\"_blank\" rel=\"noopener\">Informativa privacy Fornitori<\/a> (link)<\/p><p><a title=\"Informativa privacy Dipendenti\" href=\"https:\/\/www.comune.osimo.an.it\/wp-content\/uploads\/2024\/07\/02.03_Informativa-Dipendenti-Rev.-2024.06-v.-4.1.pdf\" target=\"_blank\" rel=\"noopener\">Informativa privacy Dipendenti<\/a> (link)<\/p><p>Moduli:<\/p><p><a title=\"Richiesta Esercizio Diritti\" href=\"https:\/\/www.comune.osimo.an.it\/wp-content\/uploads\/2024\/07\/04.01_Richiesta-Esercizio-Diritti-Rev.-2024.06-v.4.2.pdf\" target=\"_blank\" rel=\"noopener\">Richiesta Esercizio Diritti<\/a> (link)<\/p><p>Altri documenti:<\/p><p><a title=\"Regolamento UE 2016\/679 \u201cGDPR\u201d\" href=\"https:\/\/www.comune.osimo.an.it\/wp-content\/uploads\/2024\/07\/reg-ue.pdf\" target=\"_blank\" rel=\"noopener\">Regolamento UE 2016\/679 \u201cGDPR\u201d<\/a> (link)<\/p>\t\t\t\t\t\t\t\t<\/div>\n\t\t\t\t<\/div>\n\t\t\t\t\t<\/div>\n\t\t<\/div>\n\t\t\t\t\t<\/div>\n\t\t<\/section>\n\t\t\t\t<\/div>\n\t\t","protected":false},"excerpt":{"rendered":"<p>General Data Protection Regulation UE 2016\/679 (\u201cGDPR\u201d) Gentile Utente, il 25 maggio 2018 \u00e8 entrato in vigore il nuovo Regolamento Europeo (UE) 2016\/679 (GDPR) che definisce le regole di protezione dei dati personali. L\u2019informativa \u00e8 lo strumento che utilizziamo per fornirvi tutte le informazioni utili a comprendere chi, quando, dove, come e perch\u00e9 tratta e [&hellip;]<\/p>\n","protected":false},"author":2,"featured_media":0,"parent":0,"menu_order":0,"comment_status":"closed","ping_status":"closed","template":"","meta":{"_acf_changed":false,"_eb_attr":"","inline_featured_image":false,"ocean_post_layout":"","ocean_both_sidebars_style":"","ocean_both_sidebars_content_width":0,"ocean_both_sidebars_sidebars_width":0,"ocean_sidebar":"","ocean_second_sidebar":"","ocean_disable_margins":"enable","ocean_add_body_class":"","ocean_shortcode_before_top_bar":"","ocean_shortcode_after_top_bar":"","ocean_shortcode_before_header":"","ocean_shortcode_after_header":"","ocean_has_shortcode":"","ocean_shortcode_after_title":"","ocean_shortcode_before_footer_widgets":"","ocean_shortcode_after_footer_widgets":"","ocean_shortcode_before_footer_bottom":"","ocean_shortcode_after_footer_bottom":"","ocean_display_top_bar":"default","ocean_display_header":"default","ocean_header_style":"","ocean_center_header_left_menu":"","ocean_custom_header_template":"","ocean_custom_logo":0,"ocean_custom_retina_logo":0,"ocean_custom_logo_max_width":0,"ocean_custom_logo_tablet_max_width":0,"ocean_custom_logo_mobile_max_width":0,"ocean_custom_logo_max_height":0,"ocean_custom_logo_tablet_max_height":0,"ocean_custom_logo_mobile_max_height":0,"ocean_header_custom_menu":"","ocean_menu_typo_font_family":"","ocean_menu_typo_font_subset":"","ocean_menu_typo_font_size":0,"ocean_menu_typo_font_size_tablet":0,"ocean_menu_typo_font_size_mobile":0,"ocean_menu_typo_font_size_unit":"px","ocean_menu_typo_font_weight":"","ocean_menu_typo_font_weight_tablet":"","ocean_menu_typo_font_weight_mobile":"","ocean_menu_typo_transform":"","ocean_menu_typo_transform_tablet":"","ocean_menu_typo_transform_mobile":"","ocean_menu_typo_line_height":0,"ocean_menu_typo_line_height_tablet":0,"ocean_menu_typo_line_height_mobile":0,"ocean_menu_typo_line_height_unit":"","ocean_menu_typo_spacing":0,"ocean_menu_typo_spacing_tablet":0,"ocean_menu_typo_spacing_mobile":0,"ocean_menu_typo_spacing_unit":"","ocean_menu_link_color":"","ocean_menu_link_color_hover":"","ocean_menu_link_color_active":"","ocean_menu_link_background":"","ocean_menu_link_hover_background":"","ocean_menu_link_active_background":"","ocean_menu_social_links_bg":"","ocean_menu_social_hover_links_bg":"","ocean_menu_social_links_color":"","ocean_menu_social_hover_links_color":"","ocean_disable_title":"default","ocean_disable_heading":"default","ocean_post_title":"","ocean_post_subheading":"","ocean_post_title_style":"","ocean_post_title_background_color":"","ocean_post_title_background":0,"ocean_post_title_bg_image_position":"","ocean_post_title_bg_image_attachment":"","ocean_post_title_bg_image_repeat":"","ocean_post_title_bg_image_size":"","ocean_post_title_height":0,"ocean_post_title_bg_overlay":0.5,"ocean_post_title_bg_overlay_color":"","ocean_disable_breadcrumbs":"default","ocean_breadcrumbs_color":"","ocean_breadcrumbs_separator_color":"","ocean_breadcrumbs_links_color":"","ocean_breadcrumbs_links_hover_color":"","ocean_display_footer_widgets":"default","ocean_display_footer_bottom":"default","ocean_custom_footer_template":"","footnotes":"","_links_to":"","_links_to_target":"","_elementor_edit_mode":"builder","_elementor_template_type":"wp-page","_elementor_data":"[{\"id\":\"86e16aa\",\"elType\":\"section\",\"settings\":[],\"elements\":[{\"id\":\"7c0b0eed\",\"elType\":\"column\",\"settings\":{\"_column_size\":100},\"elements\":[{\"id\":\"33c12c6f\",\"elType\":\"widget\",\"settings\":{\"editor\":\"<p align=\\\"center\\\"><span lang=\\\"en-GB\\\"><i><b>General Data Protection Regulation UE 2016\\\/679 (\\u201cGDPR\\u201d)<\\\/b><\\\/i><\\\/span><\\\/p><p align=\\\"justify\\\">Gentile Utente,<\\\/p><p align=\\\"justify\\\">il 25 maggio 2018 \\u00e8 entrato in vigore il nuovo Regolamento Europeo (UE) 2016\\\/679 (GDPR) che definisce le regole di protezione dei dati personali.<\\\/p><p align=\\\"justify\\\">L\\u2019informativa \\u00e8 lo strumento che utilizziamo per fornirvi tutte le informazioni utili a comprendere chi, quando, dove, come e perch\\u00e9 tratta e conserva i Vostri dati personali. Una misura di dovuta trasparenza che Vi permetter\\u00e0 di esercitare pienamente i diritti previsti dal Regolamento.<\\\/p><p align=\\\"justify\\\">In caso di dubbi, quesiti o problemi Vi preghiamo di contattare direttamente il Titolare o il Responsabile della Protezione dei Dati (RPD\\\/DPO), inviando una richiesta indirizzata al:<\\\/p><p><b>TITOLARE DEL TRATTAMENTO: <\\\/b><b>Comune di Osimo<\\\/b><\\\/p><p>Sede: Piazza del Comune, 1 - 60027 Osimo (An)<\\\/p><p>Tel.: 07172491<\\\/p><p>E-mail \\\/ PEC: <u><a href=\\\"mailto:info@comune.osimo.an.it\\\">info@comune.osimo.an.it<\\\/a><\\\/u> \\\/ <u><a href=\\\"mailto:comune.osimo@emarche.it\\\">comune.osimo@emarche.it<\\\/a><\\\/u><\\\/p><p>Sito web: <u><a href=\\\"https:\\\/\\\/www.comune.osimo.an.it\\\" target=\\\"_blank\\\" rel=\\\"noopener\\\">www.comune.osimo.an.it<\\\/a><\\\/u><\\\/p><p><b>RESPONSABILE PROTEZIONE DATI<\\\/b>: Morolabs S.r.l. - Riferimento: Avv. Massimiliano Galeazzi<\\\/p><p>Tel.: 071.9030585<\\\/p><p>E-mail \\\/ PEC: <u><a href=\\\"mailto:dpo@morolabs.it\\\">dpo@morolabs.it<\\\/a><\\\/u><u> <\\\/u> \\\/ <u><a href=\\\"mailto:morolabs@legalmail.it\\\">morolabs@legalmail.it<\\\/a><\\\/u><\\\/p><p>Informative:<\\\/p><p><a title=\\\"Manifesto privacy Comune di Osimo\\\" href=\\\"https:\\\/\\\/www.comune.osimo.an.it\\\/wp-content\\\/uploads\\\/2024\\\/07\\\/02.01_Manifesto-Informativa-Rev.-2024.06-v.-4.2.pdf\\\" target=\\\"_blank\\\" rel=\\\"noopener\\\">Manifesto privacy Comune di Osimo<\\\/a>\\u00a0(link)<\\\/p><p><a title=\\\"Informativa privacy Cittadini\\\" href=\\\"https:\\\/\\\/www.comune.osimo.an.it\\\/wp-content\\\/uploads\\\/2024\\\/07\\\/02.02_Informativa-Cittadini-Rev.-2024.06-v.-4.2.pdf\\\" target=\\\"_blank\\\" rel=\\\"noopener\\\">Informativa privacy Cittadini<\\\/a> (link)<\\\/p><p><a title=\\\"Informativa privacy Fornitori\\\" href=\\\"https:\\\/\\\/www.comune.osimo.an.it\\\/wp-content\\\/uploads\\\/2024\\\/07\\\/02.04_Informativa-Fornitori-Rev.-2024.06-v.-4.2.pdf\\\" target=\\\"_blank\\\" rel=\\\"noopener\\\">Informativa privacy Fornitori<\\\/a> (link)<\\\/p><p><a title=\\\"Informativa privacy Dipendenti\\\" href=\\\"https:\\\/\\\/www.comune.osimo.an.it\\\/wp-content\\\/uploads\\\/2024\\\/07\\\/02.03_Informativa-Dipendenti-Rev.-2024.06-v.-4.1.pdf\\\" target=\\\"_blank\\\" rel=\\\"noopener\\\">Informativa privacy Dipendenti<\\\/a> (link)<\\\/p><p>Moduli:<\\\/p><p><a title=\\\"Richiesta Esercizio Diritti\\\" href=\\\"https:\\\/\\\/www.comune.osimo.an.it\\\/wp-content\\\/uploads\\\/2024\\\/07\\\/04.01_Richiesta-Esercizio-Diritti-Rev.-2024.06-v.4.2.pdf\\\" target=\\\"_blank\\\" rel=\\\"noopener\\\">Richiesta Esercizio Diritti<\\\/a> (link)<\\\/p><p>Altri documenti:<\\\/p><p><a title=\\\"Regolamento UE 2016\\\/679 \\u201cGDPR\\u201d\\\" href=\\\"https:\\\/\\\/www.comune.osimo.an.it\\\/wp-content\\\/uploads\\\/2024\\\/07\\\/reg-ue.pdf\\\" target=\\\"_blank\\\" rel=\\\"noopener\\\">Regolamento UE 2016\\\/679 \\u201cGDPR\\u201d<\\\/a> (link)<\\\/p>\"},\"elements\":[],\"widgetType\":\"text-editor\"}],\"isInner\":false}],\"isInner\":false}]","_elementor_page_settings":null,"_elementor_conditions":[]},"class_list":["post-367","page","type-page","status-publish","hentry","entry"],"acf":[],"aioseo_notices":[],"_links":{"self":[{"href":"https:\/\/prenotazioni.comune.osimo.an.it\/index.php?rest_route=\/wp\/v2\/pages\/367","targetHints":{"allow":["GET"]}}],"collection":[{"href":"https:\/\/prenotazioni.comune.osimo.an.it\/index.php?rest_route=\/wp\/v2\/pages"}],"about":[{"href":"https:\/\/prenotazioni.comune.osimo.an.it\/index.php?rest_route=\/wp\/v2\/types\/page"}],"author":[{"embeddable":true,"href":"https:\/\/prenotazioni.comune.osimo.an.it\/index.php?rest_route=\/wp\/v2\/users\/2"}],"replies":[{"embeddable":true,"href":"https:\/\/prenotazioni.comune.osimo.an.it\/index.php?rest_route=%2Fwp%2Fv2%2Fcomments&post=367"}],"version-history":[{"count":4,"href":"https:\/\/prenotazioni.comune.osimo.an.it\/index.php?rest_route=\/wp\/v2\/pages\/367\/revisions"}],"predecessor-version":[{"id":55160,"href":"https:\/\/prenotazioni.comune.osimo.an.it\/index.php?rest_route=\/wp\/v2\/pages\/367\/revisions\/55160"}],"wp:attachment":[{"href":"https:\/\/prenotazioni.comune.osimo.an.it\/index.php?rest_route=%2Fwp%2Fv2%2Fmedia&parent=367"}],"curies":[{"name":"wp","href":"https:\/\/api.w.org\/{rel}","templated":true}]}}